{"id":53,"date":"2019-11-13T18:31:04","date_gmt":"2019-11-13T18:31:04","guid":{"rendered":"http:\/\/cercoselectricoslanus.com.ar\/venta-de-cerco-electrico-zona-sur\/?page_id=53"},"modified":"2019-11-13T18:31:04","modified_gmt":"2019-11-13T18:31:04","slug":"cercos-para-casas","status":"publish","type":"page","link":"http:\/\/cercoselectricoslanus.com.ar\/venta-de-cerco-electrico-zona-sur\/cercos-para-casas\/","title":{"rendered":"Cercos para Casas"},"content":{"rendered":"<p>La seguridad en una casa es uno de los principales asuntos que se resuelve con mucha pausa y reflexi\u00f3n.<\/p>\n<p>Adem\u00e1s de\u00a0los medios convencionales para desalentar el ingreso a las casas, se consideran, cada vez con m\u00e1s atenci\u00f3n los cercos el\u00e9ctricos.<\/p>\n<p>No son letales y protegen todo el per\u00edmetro de la vivienda sin permitir que el intruso ingrese ni siquiera al jard\u00edn, lo cual representa una ventaja respecto de otras protecciones (alarmas, etc)<\/p>\n<p>Eln cerco el\u00e9ctrico compatibiliza con alarmas, sensores de movimiento, y otros ya instalados.<\/p>\n<p>Los cercos el\u00e9ctricos son un tendido de cable de acero (de 1,5mm con galvanizado doble para intemperie y m\u00ednima elasticidad) y un electrificador que transmite pulsos de alto voltaje y bajo amperaje que al ser rozado genera un choque el\u00e9ctrico.<\/p>\n<p>Es en pocas palabras un escudo que desalienta el ingreso a intrusos y est\u00e1 se\u00f1alizado con carteles amarillos y negros que advierten su peligrosidad y llevan el sello de certificaci\u00f3n.<\/p>\n<p>Tienen un sistema electr\u00f3nico de monitoreo que acciona una sirena apenas se percibe un roce, por eso es conveniente que no haya ramas de \u00e1rboles o cualquier elemento cerca.<\/p>\n<p>Se puede adicionar un sistema pre programado para que se conecte a celulares, \u00a0para alertar al usuario, si no est\u00e1 en casa.<br \/>\nAnte un corte de luz el sistema sigue funcionando por dos d\u00edas gracias a las bater\u00edas.<\/p>\n<p>Todos los componentes cumplen con las regulaciones y est\u00e1ndares del\u00a0<strong>IRAM\u00a0<\/strong>e\u00a0<strong>ISO-9001<\/strong>\u00a0que autorizan su uso y se fabrican bajo la normativa\u00a0<strong>IEC 60335-2-76\u00a0<\/strong>requerido tanto por la\u00a0<strong>Asociaci\u00f3n Electrot\u00e9cnica Argentina<\/strong>\u00a0(<strong>ACA<\/strong>) como por el\u00a0<strong>Ente Nacional de Regulaci\u00f3n El\u00e9ctrica<\/strong>\u00a0(<strong>ENRE<\/strong>).<\/p>\n\n","protected":false},"excerpt":{"rendered":"<p>La seguridad en una casa es uno de los principales asuntos que se resuelve con mucha pausa y reflexi\u00f3n. Adem\u00e1s de\u00a0los medios convencionales para desalentar el ingreso a las casas, se consideran, cada vez con m\u00e1s atenci\u00f3n los cercos el\u00e9ctricos. No son letales y protegen todo el per\u00edmetro de la vivienda sin permitir que el [&hellip;]<\/p>\n","protected":false},"author":2,"featured_media":54,"parent":0,"menu_order":0,"comment_status":"closed","ping_status":"closed","template":"","meta":{"footnotes":""},"class_list":["post-53","page","type-page","status-publish","has-post-thumbnail","hentry"],"aioseo_notices":[],"_links":{"self":[{"href":"http:\/\/cercoselectricoslanus.com.ar\/venta-de-cerco-electrico-zona-sur\/wp-json\/wp\/v2\/pages\/53","targetHints":{"allow":["GET"]}}],"collection":[{"href":"http:\/\/cercoselectricoslanus.com.ar\/venta-de-cerco-electrico-zona-sur\/wp-json\/wp\/v2\/pages"}],"about":[{"href":"http:\/\/cercoselectricoslanus.com.ar\/venta-de-cerco-electrico-zona-sur\/wp-json\/wp\/v2\/types\/page"}],"author":[{"embeddable":true,"href":"http:\/\/cercoselectricoslanus.com.ar\/venta-de-cerco-electrico-zona-sur\/wp-json\/wp\/v2\/users\/2"}],"replies":[{"embeddable":true,"href":"http:\/\/cercoselectricoslanus.com.ar\/venta-de-cerco-electrico-zona-sur\/wp-json\/wp\/v2\/comments?post=53"}],"version-history":[{"count":1,"href":"http:\/\/cercoselectricoslanus.com.ar\/venta-de-cerco-electrico-zona-sur\/wp-json\/wp\/v2\/pages\/53\/revisions"}],"predecessor-version":[{"id":55,"href":"http:\/\/cercoselectricoslanus.com.ar\/venta-de-cerco-electrico-zona-sur\/wp-json\/wp\/v2\/pages\/53\/revisions\/55"}],"wp:featuredmedia":[{"embeddable":true,"href":"http:\/\/cercoselectricoslanus.com.ar\/venta-de-cerco-electrico-zona-sur\/wp-json\/wp\/v2\/media\/54"}],"wp:attachment":[{"href":"http:\/\/cercoselectricoslanus.com.ar\/venta-de-cerco-electrico-zona-sur\/wp-json\/wp\/v2\/media?parent=53"}],"curies":[{"name":"wp","href":"https:\/\/api.w.org\/{rel}","templated":true}]}}