{"id":56,"date":"2019-11-13T18:32:26","date_gmt":"2019-11-13T18:32:26","guid":{"rendered":"http:\/\/cercoselectricoslanus.com.ar\/venta-de-cerco-electrico-zona-sur\/?page_id=56"},"modified":"2021-04-29T15:01:28","modified_gmt":"2021-04-29T15:01:28","slug":"cercos-para-countrys","status":"publish","type":"page","link":"http:\/\/cercoselectricoslanus.com.ar\/venta-de-cerco-electrico-zona-sur\/cercos-para-countrys\/","title":{"rendered":"Cercos para Countrys"},"content":{"rendered":"<p>Los countries o barrios cerrados generalmente de grandes extensiones y que no siempre tienen muro de mamposter\u00eda en todo su per\u00edmetro, se cercan en parte o todo con alambrado ol\u00edmpico romboidal.\u00a0Estos alambrados son f\u00e1ciles de pasar ya que se los levanta por su parte de abajo o los cortan.<\/p>\n<p>En estos casos se coloca un cerco el\u00e9ctrico paralelo al alambrado partiendo la primera hilada unos 12 cm despegados del suelo y a la misma distancia uno de otro.<\/p>\n<p>Estos cercos el\u00e9ctricos de largas extensiones si bien son continuos se los puede dividir en zonas.<\/p>\n<p>Realizamos tambi\u00e9n Instalaci\u00f3n de <strong>Cercos El\u00e9ctricos Autosotenidos<\/strong>, quiere decir tomando como pilar los ya existentes del cerco romboidal existente.<\/p>\n<p>Colocando un equipo energizador por zona seg\u00fan la cantidad de zonas que se quieran individualizar pudiendo centralizar su monitoreo desde una casilla de guardia central que generalmente est\u00e1 ubicada en el acceso al barrio.<\/p>\n<p>En correctas condiciones de instalaci\u00f3n, el sistema detecta la \u201cpre-intrusi\u00f3n\u201d e inhibe la violaci\u00f3n. La descarga recibida consiste en un shock el\u00e9ctrico de alto voltaje y bajo amperaje, ese micro impulso que se genera al contacto causa dolor pero no riesgos sobre la salud del intruso.<\/p>\n<p>&nbsp;<\/p>\n\n","protected":false},"excerpt":{"rendered":"<p>Los countries o barrios cerrados generalmente de grandes extensiones y que no siempre tienen muro de mamposter\u00eda en todo su per\u00edmetro, se cercan en parte o todo con alambrado ol\u00edmpico romboidal.\u00a0Estos alambrados son f\u00e1ciles de pasar ya que se los levanta por su parte de abajo o los cortan. En estos casos se coloca un [&hellip;]<\/p>\n","protected":false},"author":2,"featured_media":57,"parent":0,"menu_order":0,"comment_status":"closed","ping_status":"closed","template":"","meta":{"footnotes":""},"class_list":["post-56","page","type-page","status-publish","has-post-thumbnail","hentry"],"aioseo_notices":[],"_links":{"self":[{"href":"http:\/\/cercoselectricoslanus.com.ar\/venta-de-cerco-electrico-zona-sur\/wp-json\/wp\/v2\/pages\/56","targetHints":{"allow":["GET"]}}],"collection":[{"href":"http:\/\/cercoselectricoslanus.com.ar\/venta-de-cerco-electrico-zona-sur\/wp-json\/wp\/v2\/pages"}],"about":[{"href":"http:\/\/cercoselectricoslanus.com.ar\/venta-de-cerco-electrico-zona-sur\/wp-json\/wp\/v2\/types\/page"}],"author":[{"embeddable":true,"href":"http:\/\/cercoselectricoslanus.com.ar\/venta-de-cerco-electrico-zona-sur\/wp-json\/wp\/v2\/users\/2"}],"replies":[{"embeddable":true,"href":"http:\/\/cercoselectricoslanus.com.ar\/venta-de-cerco-electrico-zona-sur\/wp-json\/wp\/v2\/comments?post=56"}],"version-history":[{"count":3,"href":"http:\/\/cercoselectricoslanus.com.ar\/venta-de-cerco-electrico-zona-sur\/wp-json\/wp\/v2\/pages\/56\/revisions"}],"predecessor-version":[{"id":179,"href":"http:\/\/cercoselectricoslanus.com.ar\/venta-de-cerco-electrico-zona-sur\/wp-json\/wp\/v2\/pages\/56\/revisions\/179"}],"wp:featuredmedia":[{"embeddable":true,"href":"http:\/\/cercoselectricoslanus.com.ar\/venta-de-cerco-electrico-zona-sur\/wp-json\/wp\/v2\/media\/57"}],"wp:attachment":[{"href":"http:\/\/cercoselectricoslanus.com.ar\/venta-de-cerco-electrico-zona-sur\/wp-json\/wp\/v2\/media?parent=56"}],"curies":[{"name":"wp","href":"https:\/\/api.w.org\/{rel}","templated":true}]}}