{"id":59,"date":"2019-11-13T18:33:06","date_gmt":"2019-11-13T18:33:06","guid":{"rendered":"http:\/\/cercoselectricoslanus.com.ar\/venta-de-cerco-electrico-zona-sur\/?page_id=59"},"modified":"2021-04-29T14:56:39","modified_gmt":"2021-04-29T14:56:39","slug":"instalacion-de-cercos-para-industrias","status":"publish","type":"page","link":"https:\/\/cercoselectricoslanus.com.ar\/venta-de-cerco-electrico-zona-sur\/instalacion-de-cercos-para-industrias\/","title":{"rendered":"Cercos para Industrias"},"content":{"rendered":"<p>La instalaci\u00f3n de un cerco el\u00e9ctrico perimetral en industrias, sean grandes o peque\u00f1as extensiones deben adaptarse perfectamente a las necesidades tanto de protecci\u00f3n como al proceso que dicha industria utiliza diariamente. Ejemplo:<\/p>\n<p>Portones levadizos, corredizos<\/p>\n<p>Zona de estivaci\u00f3n de mercader\u00edas<\/p>\n<p>Zonas de estacionamiento de veh\u00edculos<\/p>\n<p>Zonas de elaboraci\u00f3n de materias primas<\/p>\n<p>Zonas de administraci\u00f3n y ventas.<\/p>\n<p>Zonas de lindantes a otras industrias.<\/p>\n<p>De esta manera cada cerco el\u00e9ctrico en industrias es relevado por nuestro personal id\u00f3neo, el cual presentara el mejor proyecto para satisfacer la necesidad de protecci\u00f3n requerida.<\/p>\n<p>Nuestro sistema de cerco el\u00e9ctrico para industrias detecta la \u201cpre-intrusi\u00f3n\u201d e inhibe la violaci\u00f3n del per\u00edmetro protegido. La descarga recibida consiste en un shock el\u00e9ctrico de alto voltaje y bajo amperaje, ese micro impulso que se genera al contacto causa dolor pero no riesgos sobre la salud del intruso.<\/p>\n<p>Realizamos adem\u00e1s proyectos especiales como agregados de torres de iluminaci\u00f3n, avisos y comandos del cerco el\u00e9ctrico con mensajes de texto por GSM, tambi\u00e9n manejo por redes WIFI, interconexiones con el centro de monitoreo y la instalaci\u00f3n de luces de balizas led.<\/p>\n<p>Si su empresa, industrial o comercial necesita una protecci\u00f3n Perimetral por Cerco El\u00e9ctrico no dude en contactarnos que un asesor se comunicara a la brevedad.<\/p>\n<p>Muchas gracias<\/p>\n\n","protected":false},"excerpt":{"rendered":"<p>La instalaci\u00f3n de un cerco el\u00e9ctrico perimetral en industrias, sean grandes o peque\u00f1as extensiones deben adaptarse perfectamente a las necesidades tanto de protecci\u00f3n como al proceso que dicha industria utiliza diariamente. Ejemplo: Portones levadizos, corredizos Zona de estivaci\u00f3n de mercader\u00edas Zonas de estacionamiento de veh\u00edculos Zonas de elaboraci\u00f3n de materias primas Zonas de administraci\u00f3n y [&hellip;]<\/p>\n","protected":false},"author":2,"featured_media":60,"parent":0,"menu_order":0,"comment_status":"closed","ping_status":"closed","template":"","meta":{"footnotes":""},"class_list":["post-59","page","type-page","status-publish","has-post-thumbnail","hentry"],"aioseo_notices":[],"_links":{"self":[{"href":"https:\/\/cercoselectricoslanus.com.ar\/venta-de-cerco-electrico-zona-sur\/wp-json\/wp\/v2\/pages\/59","targetHints":{"allow":["GET"]}}],"collection":[{"href":"https:\/\/cercoselectricoslanus.com.ar\/venta-de-cerco-electrico-zona-sur\/wp-json\/wp\/v2\/pages"}],"about":[{"href":"https:\/\/cercoselectricoslanus.com.ar\/venta-de-cerco-electrico-zona-sur\/wp-json\/wp\/v2\/types\/page"}],"author":[{"embeddable":true,"href":"https:\/\/cercoselectricoslanus.com.ar\/venta-de-cerco-electrico-zona-sur\/wp-json\/wp\/v2\/users\/2"}],"replies":[{"embeddable":true,"href":"https:\/\/cercoselectricoslanus.com.ar\/venta-de-cerco-electrico-zona-sur\/wp-json\/wp\/v2\/comments?post=59"}],"version-history":[{"count":4,"href":"https:\/\/cercoselectricoslanus.com.ar\/venta-de-cerco-electrico-zona-sur\/wp-json\/wp\/v2\/pages\/59\/revisions"}],"predecessor-version":[{"id":177,"href":"https:\/\/cercoselectricoslanus.com.ar\/venta-de-cerco-electrico-zona-sur\/wp-json\/wp\/v2\/pages\/59\/revisions\/177"}],"wp:featuredmedia":[{"embeddable":true,"href":"https:\/\/cercoselectricoslanus.com.ar\/venta-de-cerco-electrico-zona-sur\/wp-json\/wp\/v2\/media\/60"}],"wp:attachment":[{"href":"https:\/\/cercoselectricoslanus.com.ar\/venta-de-cerco-electrico-zona-sur\/wp-json\/wp\/v2\/media?parent=59"}],"curies":[{"name":"wp","href":"https:\/\/api.w.org\/{rel}","templated":true}]}}